{"id":20,"date":"2012-12-28T09:31:44","date_gmt":"2012-12-28T09:31:44","guid":{"rendered":"http:\/\/www.in-the-focus.com\/magazine\/?page_id=20"},"modified":"2019-05-15T18:01:24","modified_gmt":"2019-05-15T16:01:24","slug":"copyright","status":"publish","type":"page","link":"https:\/\/in-the-focus.com\/en\/copyright\/","title":{"rendered":"Copyright"},"content":{"rendered":"<p>Alle Fotos, Artikel, grafische Darstellungen, etc., auf IN THE FOCUS sind Copyright gesch\u00fctzt. Weiter sind das Layout der Website, Audio- und Videosequenzen, die gesammelten Daten, sowie individuelle Beitr\u00e4ge Copyright gesch\u00fctzt. Alle Rechte, inklusive des Rechts der fotomechanischen Kopie, der Vervielf\u00e4ltigung und der Verbreitung durch spezielle Techniken (z.B. Datenverarbeitung, Datentr\u00e4ger, Datennetzwerke), auch nur teilweise, liegen bei IN THE FOCUS.<br \/>\nJedwede Nutzung einzelner Artikel, Fotos oder anderer Inhalte, auch auszugsweise, bedarf der Genehmigung des Verlages. Bei Verletzung des Copyrights wird eine Entsch\u00e4digung f\u00e4llig: Bei unterlassenem Bildquellennachweis &#8211; plus 100% Zuschlag. Vertragsstrafe bei nicht genehmigter Nutzung &#8211; das f\u00fcnffache Honorar. Zugrundegelegt werden die Honorare der MFM (<strong><a href=\"http:\/\/www.mittelstandsgemeinschaft-foto-marketing.de\/\">Mittelstandsgemeinschaft Foto-Marketing<\/a><\/strong>)<\/br><\/br><\/p>\n","protected":false},"excerpt":{"rendered":"<p>Alle Fotos, Artikel, grafische Darstellungen, etc., auf IN THE FOCUS sind Copyright gesch\u00fctzt. Weiter sind das Layout der Website, Audio- und Videosequenzen, die gesammelten Daten, sowie individuelle Beitr\u00e4ge Copyright gesch\u00fctzt. Alle Rechte, inklusive des Rechts der fotomechanischen Kopie, der Vervielf\u00e4ltigung und der Verbreitung durch spezielle Techniken (z.B. Datenverarbeitung, Datentr\u00e4ger, Datennetzwerke), auch nur teilweise, liegen bei &hellip; <\/p>\n<p><a class=\"more-link btn\" href=\"https:\/\/in-the-focus.com\/en\/copyright\/\">Continue reading<\/a><\/p>\n","protected":false},"author":1,"featured_media":0,"parent":0,"menu_order":0,"comment_status":"closed","ping_status":"open","template":"","meta":{"amp_status":"","footnotes":""},"class_list":["post-20","page","type-page","status-publish","hentry","nodate","item-wrap"],"translation":{"provider":"WPGlobus","version":"3.0.2","language":"en","enabled_languages":["de","en"],"languages":{"de":{"title":true,"content":true,"excerpt":false},"en":{"title":false,"content":false,"excerpt":false}}},"_links":{"self":[{"href":"https:\/\/in-the-focus.com\/en\/wp-json\/wp\/v2\/pages\/20","targetHints":{"allow":["GET"]}}],"collection":[{"href":"https:\/\/in-the-focus.com\/en\/wp-json\/wp\/v2\/pages"}],"about":[{"href":"https:\/\/in-the-focus.com\/en\/wp-json\/wp\/v2\/types\/page"}],"author":[{"embeddable":true,"href":"https:\/\/in-the-focus.com\/en\/wp-json\/wp\/v2\/users\/1"}],"replies":[{"embeddable":true,"href":"https:\/\/in-the-focus.com\/en\/wp-json\/wp\/v2\/comments?post=20"}],"version-history":[{"count":8,"href":"https:\/\/in-the-focus.com\/en\/wp-json\/wp\/v2\/pages\/20\/revisions"}],"predecessor-version":[{"id":5414,"href":"https:\/\/in-the-focus.com\/en\/wp-json\/wp\/v2\/pages\/20\/revisions\/5414"}],"wp:attachment":[{"href":"https:\/\/in-the-focus.com\/en\/wp-json\/wp\/v2\/media?parent=20"}],"curies":[{"name":"wp","href":"https:\/\/api.w.org\/{rel}","templated":true}]}}