{"id":226,"date":"2012-12-29T19:59:07","date_gmt":"2012-12-29T19:59:07","guid":{"rendered":"http:\/\/www.in-the-focus.com\/magazine\/?page_id=226"},"modified":"2018-05-08T08:36:15","modified_gmt":"2018-05-08T06:36:15","slug":"impressum","status":"publish","type":"page","link":"https:\/\/in-the-focus.com\/en\/impressum\/","title":{"rendered":"Impressum"},"content":{"rendered":"<p style=\"font-family: Verdana;\">Angaben gem\u00e4\u00df \u00a7 5 TMG:<\/p>\n<p><span style=\"font-family: Verdana;\">Gudrun Waiditschka<\/span><br \/>\n<span style=\"font-family: Verdana;\">IN THE FOCUS<\/span><br \/>\n<span style=\"font-family: Verdana;\">Entenstrasse 20<\/span><br \/>\n<span style=\"font-family: Verdana;\">D-73765 Neuhausen a.d.F.<\/span><br style=\"font-family: Verdana;\" \/><\/p>\n<p style=\"font-family: Verdana;\">\u00a0<\/p>\n<h3 style=\"font-size:150%; color:#d4a409\"><strong>Kontakt:<\/strong><\/h3>\n<table style=\"font-family: Verdana;\">\n<tbody>\n<tr>\n<td>Telefon:<\/td>\n<td>0049\/(0)7158\/67141<\/td>\n<\/tr>\n<tr>\n<td>E-Mail:<\/td>\n<td>contact@in-the-focus.com<\/td>\n<\/tr>\n<\/tbody>\n<\/table>\n<h3 style=\"font-size:150%; color:#d4a409\"><strong>Umsatzsteuer-ID:<\/strong><\/h3>\n<p style=\"font-family: Verdana;\">Umsatzsteuer-Identifikationsnummer gem\u00e4\u00df \u00a727 a Umsatzsteuergesetz:<br \/>\nDE 205869737<\/p>\n<h3 style=\"font-size:150%; color:#d4a409\"><strong>Verantwortlich f\u00fcr den Inhalt nach \u00a7 55 Abs. 2 RStV:<\/strong><\/h3>\n<p style=\"font-family: Verdana;\">Gudrun Waiditschka<br \/>\nEntenstrasse 20<br \/>\nD-73765 Neuhausen a.d.F.<\/p>\n<p style=\"font-family: Verdana;\">\u00a0<\/p>\n<p style=\"font-family: Verdana;\">Quelle: <span style=\"font-style: italic;\">Impressum von <a href=\"http:\/\/www.e-recht24.de\" target=\"_blank\">e-recht24.de<\/a> speziell f\u00fcr Einzelunternehmer erzeugt.<\/span><\/p>\n<h3 style=\"font-size:150%; color:#d4a409\"><strong>Haftungsausschluss:<\/strong><\/h3>\n<p style=\"font-family: Verdana;\"><span style=\"font-weight: bold;\">Haftung f\u00fcr Inhalte<\/span><\/p>\n<p style=\"font-family: Verdana;\">Die Inhalte unserer Seiten wurden mit gr\u00f6\u00dfter Sorgfalt erstellt. F\u00fcr die Richtigkeit, Vollst\u00e4ndigkeit und Aktualit\u00e4t der Inhalte k\u00f6nnen wir jedoch keine Gew\u00e4hr \u00fcbernehmen. Als Diensteanbieter sind wir gem\u00e4\u00df \u00a7 7 Abs.1 TMG f\u00fcr eigene Inhalte auf diesen Seiten nach den allgemeinen Gesetzen verantwortlich. Nach \u00a7\u00a7 8 bis 10 TMG sind wir als Diensteanbieter jedoch nicht verpflichtet, \u00fcbermittelte oder gespeicherte fremde Informationen zu \u00fcberwachen oder nach Umst\u00e4nden zu forschen, die auf eine rechtswidrige T\u00e4tigkeit hinweisen. Verpflichtungen zur Entfernung oder Sperrung der Nutzung von Informationen nach den allgemeinen Gesetzen bleiben hiervon unber\u00fchrt. Eine diesbez\u00fcgliche Haftung ist jedoch erst ab dem Zeitpunkt der Kenntnis einer konkreten Rechtsverletzung m\u00f6glich. Bei Bekanntwerden von entsprechenden Rechtsverletzungen werden wir diese Inhalte umgehend entfernen.<\/p>\n<p style=\"font-family: Verdana;\"><span style=\"font-weight: bold;\">Haftung f\u00fcr Links<\/span><\/p>\n<p style=\"font-family: Verdana;\">Unser Angebot enth\u00e4lt Links zu externen Webseiten Dritter, auf deren Inhalte wir keinen Einfluss haben. Deshalb k\u00f6nnen wir f\u00fcr diese fremden Inhalte auch keine Gew\u00e4hr \u00fcbernehmen. F\u00fcr die Inhalte der verlinkten Seiten ist stets der jeweilige Anbieter oder Betreiber der Seiten verantwortlich. Die verlinkten Seiten wurden zum Zeitpunkt der Verlinkung auf m\u00f6gliche Rechtsverst\u00f6\u00dfe \u00fcberpr\u00fcft. Rechtswidrige Inhalte waren zum Zeitpunkt der Verlinkung nicht erkennbar. Eine permanente inhaltliche Kontrolle der verlinkten Seiten ist jedoch ohne konkrete Anhaltspunkte einer Rechtsverletzung nicht zumutbar. Bei Bekanntwerden von Rechtsverletzungen werden wir derartige Links umgehend entfernen.<\/p>\n<p style=\"font-family: Verdana;\"><span style=\"font-weight: bold;\">Urheberrecht<\/span><\/p>\n<p style=\"font-family: Verdana;\">Die durch die Seitenbetreiber erstellten Inhalte und Werke auf diesen Seiten unterliegen dem deutschen Urheberrecht. Die Vervielf\u00e4ltigung, Bearbeitung, Verbreitung und jede Art der Verwertung au\u00dferhalb der Grenzen des Urheberrechtes bed\u00fcrfen der schriftlichen Zustimmung des jeweiligen Autors bzw. Erstellers. Downloads und Kopien dieser Seite sind nur f\u00fcr den privaten, nicht kommerziellen Gebrauch gestattet. Soweit die Inhalte auf dieser Seite nicht vom Betreiber erstellt wurden, werden die Urheberrechte Dritter beachtet. Insbesondere werden Inhalte Dritter als solche gekennzeichnet. Sollten Sie trotzdem auf eine Urheberrechtsverletzung aufmerksam werden, bitten wir um einen entsprechenden Hinweis. Bei Bekanntwerden von Rechtsverletzungen werden wir derartige Inhalte umgehend entfernen.<\/p>\n<p style=\"font-family: Verdana;\"><span style=\"font-weight: bold;\">Datenschutz<\/span><\/p>\n<p style=\"font-family: Verdana;\">Die Nutzung unserer Webseite ist in der Regel ohne Angabe personenbezogener Daten m\u00f6glich. Soweit auf unseren Seiten personenbezogene Daten (beispielsweise Name, Anschrift oder eMail-Adressen) erhoben werden, erfolgt dies, soweit m\u00f6glich, stets auf freiwilliger Basis. Diese Daten werden ohne Ihre ausdr\u00fcckliche Zustimmung nicht an Dritte weitergegeben.<\/p>\n<p style=\"font-family: Verdana;\">Wir weisen darauf hin, dass die Daten\u00fcbertragung im Internet (z.B. bei der Kommunikation per E-Mail) Sicherheitsl\u00fccken aufweisen kann. Ein l\u00fcckenloser Schutz der Daten vor dem Zugriff durch Dritte ist nicht m\u00f6glich.<\/p>\n<p style=\"font-family: Verdana;\">Der Nutzung von im Rahmen der Impressumspflicht ver\u00f6ffentlichten Kontaktdaten durch Dritte zur \u00dcbersendung von nicht ausdr\u00fccklich angeforderter Werbung und Informationsmaterialien wird hiermit ausdr\u00fccklich widersprochen. Die Betreiber der Seiten behalten sich ausdr\u00fccklich rechtliche Schritte im Falle der unverlangten Zusendung von Werbeinformationen, etwa durch Spam-Mails, vor.<\/br><br \/>\nBeim Zugriff auf die Internetseite www.IN-THE-FOCUS.com werden bestimmte Nutzerdaten zur Erstellung einer Webstatistik gespeichert:<br \/>\n\u2013 IP-Adresse des Rechners, von dem die Anfrage abgeschickt wurde<br \/>\n\u2013 Adresse der Internetseite von der aus der Zugriff erfolgt (z. B. von einer Suchmaschine)<br \/>\n\u2013 serverbezogene Informationen<br \/>\n\u2013 Typ des clientseitig verwendeten Webbrowsers und Betriebssystems<br \/>\n\u2013 Angaben \u00fcber den genutzten Serverdienst<br \/>\n\u2013 Protokollversion<br \/>\n\u2013 Name der abgerufenen Datei bzw. Angebotsseite<br \/>\n\u2013 Datum und Uhrzeit<br \/>\n\u2013 \u00fcbertragene Datenmengen<br \/>\n\u2013 Statusangaben<br \/>\nDie Informationen werden f\u00fcr die Dauer von 12 Monaten gespeichert und danach automatisch gel\u00f6scht. Sie werden ausschlie\u00dflich f\u00fcr die Erstellung der Statistik und zur Sicherstellung eines ordnungsgem\u00e4\u00dfen Betriebs genutzt; personenbezogene Nutzungsprofile werden nicht erstellt. Eine Weitergabe an Dritte erfolgt nicht. Das Angebot von IN THE FOCUS verwendet keine Techniken, die dazu dienen, das Zugriffsverhalten einzelner Nutzer nachzuvollziehen.<br style=\"font-family: Verdana;\" \/><\/p>\n<p><span style=\"font-style: italic; font-family: Verdana;\">Quellverweis: <a href=\"http:\/\/www.e-recht24.de\/muster-disclaimer.htm\" target=\"_blank\">Disclaimer eRecht24<\/a>, <a href=\"http:\/\/www.e-recht24.de\/artikel\/datenschutz\/6590-facebook-like-button-datenschutz-disclaimer.html\" target=\"_blank\">eRecht24 Datenschutzerkl\u00e4rung f\u00fcr Facebook<\/a><\/span><\/p>\n","protected":false},"excerpt":{"rendered":"<p>Angaben gem\u00e4\u00df \u00a7 5 TMG: Gudrun Waiditschka IN THE FOCUS Entenstrasse 20 D-73765 Neuhausen a.d.F. \u00a0 Kontakt: Telefon: 0049\/(0)7158\/67141 E-Mail: contact@in-the-focus.com Umsatzsteuer-ID: Umsatzsteuer-Identifikationsnummer gem\u00e4\u00df \u00a727 a Umsatzsteuergesetz: DE 205869737 Verantwortlich f\u00fcr den Inhalt nach \u00a7 55 Abs. 2 RStV: Gudrun Waiditschka Entenstrasse 20 D-73765 Neuhausen a.d.F. \u00a0 Quelle: Impressum von e-recht24.de speziell f\u00fcr Einzelunternehmer erzeugt. &hellip; <\/p>\n<p><a class=\"more-link btn\" href=\"https:\/\/in-the-focus.com\/en\/impressum\/\">Continue reading<\/a><\/p>\n","protected":false},"author":1,"featured_media":0,"parent":0,"menu_order":0,"comment_status":"closed","ping_status":"closed","template":"","meta":{"amp_status":"","footnotes":""},"class_list":["post-226","page","type-page","status-publish","hentry","nodate","item-wrap"],"translation":{"provider":"WPGlobus","version":"3.0.2","language":"en","enabled_languages":["de","en"],"languages":{"de":{"title":true,"content":true,"excerpt":false},"en":{"title":false,"content":true,"excerpt":false}}},"_links":{"self":[{"href":"https:\/\/in-the-focus.com\/en\/wp-json\/wp\/v2\/pages\/226","targetHints":{"allow":["GET"]}}],"collection":[{"href":"https:\/\/in-the-focus.com\/en\/wp-json\/wp\/v2\/pages"}],"about":[{"href":"https:\/\/in-the-focus.com\/en\/wp-json\/wp\/v2\/types\/page"}],"author":[{"embeddable":true,"href":"https:\/\/in-the-focus.com\/en\/wp-json\/wp\/v2\/users\/1"}],"replies":[{"embeddable":true,"href":"https:\/\/in-the-focus.com\/en\/wp-json\/wp\/v2\/comments?post=226"}],"version-history":[{"count":12,"href":"https:\/\/in-the-focus.com\/en\/wp-json\/wp\/v2\/pages\/226\/revisions"}],"predecessor-version":[{"id":11822,"href":"https:\/\/in-the-focus.com\/en\/wp-json\/wp\/v2\/pages\/226\/revisions\/11822"}],"wp:attachment":[{"href":"https:\/\/in-the-focus.com\/en\/wp-json\/wp\/v2\/media?parent=226"}],"curies":[{"name":"wp","href":"https:\/\/api.w.org\/{rel}","templated":true}]}}