{"id":24,"date":"2012-12-28T09:32:32","date_gmt":"2012-12-28T09:32:32","guid":{"rendered":"http:\/\/www.in-the-focus.com\/magazine\/?page_id=24"},"modified":"2026-01-25T17:25:20","modified_gmt":"2026-01-25T16:25:20","slug":"advertising","status":"publish","type":"page","link":"https:\/\/in-the-focus.com\/en\/advertising\/","title":{"rendered":"Mediadaten"},"content":{"rendered":"<h3 style=\"font-size: 150%; color: #d4a409;\"><strong>F\u00fcr Sie als Anzeigenkunden&#8230;<\/strong><\/h3>\n<p>&#8230; bieten wir durch unsere vielseitige Mischung redaktioneller Beitr\u00e4ge ein attraktives Anzeigen-Umfeld, das genau die K\u00e4uferschicht anspricht, die f\u00fcr Sie interessant ist. Damit vermeiden Sie Streuverluste.<\/p>\n<h3 style=\"font-size: 150%; color: #d4a409;\"><strong>F\u00fcr Sie als Anzeigenkunden&#8230;<\/strong><\/h3>\n<p>&#8230; bieten wir die M\u00f6glichkeit, Leser mit den unterschiedlichsten Lesegewohnheiten zu erreichen. Insbesondere j\u00fcngere Pferdefreunde bevorzugen das &#8220;Blog-Format&#8221; oder das bl\u00e4tterbare PDF mit Multimedia-Effekten (online), andere bevorzugen ein PDF off-line zu lesen, wieder andere bevorzugen eine &#8220;echte&#8221; Zeitschrift in ihren H\u00e4nden zu halten. Wir bedienen alle!<\/p>\n<h3 style=\"font-size: 150%; color: #d4a409;\"><strong>F\u00fcr Sie als Anzeigenkunden&#8230;<\/strong><\/h3>\n<p>&#8230; bieten wir die M\u00f6glichkeit, in den verschiedensten Medien zu inserieren: online, offline, oder Print &#8211; oder in einer Kombination von allem, auf gut neudeutsch &#8220;Crossmedia&#8221;. Wenn Sie also eine Anzeige im Printmedium (Zeitschrift) schalten, erscheint diese sowohl in der gedruckten Ausgabe, als auch im bl\u00e4tterbaren \/ downloadbaren PDF.<\/p>\n<h3 style=\"font-size: 150%; color: #d4a409;\"><strong>F\u00fcr Sie als Anzeigenkunden&#8230;<\/strong><\/h3>\n<p>&#8230; bieten wir die M\u00f6glichkeit, mit einer Banner- oder Poster-Anzeige auf der Website die Reichweite Ihrer Anzeige zu vergr\u00f6ssern, in einem Ma\u00dfe, wie dies \u00fcber den Verkauf am Kiosk nur schwer erreicht werden kann, insbesondere was die Verbreitung im Ausland anbelangt.<\/p>\n<h4 style=\"font-size: 120%; color: #d4a409;\"><strong>Wir bieten f\u00fcr jeden etwas &#8211; und etwas f\u00fcr jeden Geldbeutel!<\/strong><\/h4>\n<table style=\"border: 1px solid #818181;\">\n<tbody>\n<tr>\n<td width=\"116\"><strong>\u00a0<\/strong><\/td>\n<td width=\"151\"><strong>Premium <\/strong><\/td>\n<td width=\"151\"><strong>Gold <\/strong><\/td>\n<td width=\"151\"><strong>Silver <\/strong><\/td>\n<td width=\"151\"><strong>Marktplatz <\/strong><\/td>\n<\/tr>\n<tr>\n<td width=\"116\"><strong>Print-Zeitschrift<br \/>\n<\/strong>Inclusive bl\u00e4tterbares PDF (online) und download PDF<\/td>\n<td width=\"151\">1\/1 Seite<br \/>\npro Ausgabe<\/td>\n<td width=\"151\">\u00bd Seite<br \/>\npro Ausgabe<\/td>\n<td width=\"151\">\u00bc Seite norm<br \/>\npro Ausgabe<\/td>\n<td width=\"151\">91 x 64 mm<br \/>\npro Ausgabe<\/td>\n<\/tr>\n<tr>\n<td style=\"border-bottom: 1px solid #818181;\" width=\"116\"><strong>\u00a0<\/strong><\/td>\n<td style=\"border-bottom: 1px solid #818181;\" width=\"151\"><span style=\"color: #ff0000;\"><strong>250 \u20ac<br \/>\n<\/strong><\/span>Umschlagseiten<br \/>\n<strong><span style=\"color: #ff0000;\">100 \u20ac Zuschlag<\/span><\/strong><\/td>\n<td style=\"border-bottom: 1px solid #818181;\" valign=\"top\" width=\"151\"><span style=\"color: #ff0000;\"><strong>125 \u20ac<\/strong><\/span><\/td>\n<td style=\"border-bottom: 1px solid #818181;\" valign=\"top\" width=\"151\"><span style=\"color: #ff0000;\"><strong>60 \u20ac<\/strong><\/span><\/td>\n<td style=\"border-bottom: 1px solid #818181;\" valign=\"top\" width=\"151\"><span style=\"color: #ff0000;\"><strong>30 \u20ac<\/strong><\/span><\/td>\n<\/tr>\n<tr>\n<td width=\"116\"><\/td>\n<td width=\"151\"><strong>Position 1a + 1b <\/strong><\/td>\n<td width=\"151\"><strong>Position 2 <\/strong><\/td>\n<td width=\"151\"><strong>Position 3 <\/strong><\/td>\n<td width=\"151\"><strong>Position 4 <\/strong><\/td>\n<\/tr>\n<tr>\n<td width=\"116\"><strong>Website<\/strong><\/td>\n<td width=\"151\"><strong>Premium Banner \u201elang\u201c <\/strong>unterhalb des Men\u00fcs<br \/>\n1240 x 100 pixel<br \/>\nLaufzeit 3 Monate<br \/>\n<span style=\"color: #ff0000;\"><strong>oder<\/strong><\/span><br \/>\n<strong>Premium-Banner<\/strong><br \/>\noberhalb der Mittels\u00e4ule<br \/>\n700 x 200 pixel<br \/>\nLaufzeit 3 Monate<\/td>\n<td width=\"151\"><strong>Poster<br \/>\n<\/strong>rechte Seite<strong><br \/>\n<\/strong>220 x 310 pixel<br \/>\nLaufzeit 3 Monate<\/td>\n<td width=\"151\"><strong>Silver-Banner<br \/>\n<\/strong>(unterhalb der Posts)<br \/>\n675 x 77 pixel<br \/>\nLaufzeit 3 Monate<\/td>\n<td width=\"151\"><strong>Marktplatz-Anzeige<\/strong><br \/>\nauf extra Seite<br \/>\n300 x 211 px<br \/>\nLaufzeit 3 Monate<\/td>\n<\/tr>\n<tr>\n<td style=\"border-bottom: 1px solid #818181;\" width=\"116\"><strong>\u00a0<\/strong><\/td>\n<td style=\"border-bottom: 1px solid #818181;\" width=\"151\"><span style=\"color: #ff0000;\"><strong>250 \u20ac<\/strong><\/span><\/td>\n<td style=\"border-bottom: 1px solid #818181;\" width=\"151\"><span style=\"color: #ff0000;\"><strong>125 \u20ac<\/strong><\/span><\/td>\n<td style=\"border-bottom: 1px solid #818181;\" width=\"151\"><span style=\"color: #ff0000;\"><strong>60 \u20ac<\/strong><\/span><\/td>\n<td style=\"border-bottom: 1px solid #818181;\" width=\"151\"><span style=\"color: #ff0000;\"><strong>30 \u20ac<\/strong><\/span><\/td>\n<\/tr>\n<tr>\n<td width=\"116\"><strong>Cross-Media<br \/>\n<\/strong>(Print +\u00a0 Web)<strong><br \/>\n<\/strong><\/td>\n<td width=\"151\"><strong>Premium-Angebot<\/strong><br \/>\n1\/1 Seite +<br \/>\nPremium-Banner<\/td>\n<td width=\"151\"><strong>Gold-Angebot<\/strong><br \/>\n\u00bd Seite + Poster<\/td>\n<td width=\"151\"><strong>Silver-Angebot<\/strong><br \/>\n\u00bc Seite norm + Silver-Banner<\/td>\n<td width=\"151\"><strong>Marktplatz-Anzeige<\/strong><br \/>\nin print und online<\/td>\n<\/tr>\n<tr>\n<td width=\"116\"><\/td>\n<td width=\"151\"><span style=\"color: #ff0000;\"><strong>400 \u20ac<br \/>\n<\/strong><\/span>Umschlagseiten<br \/>\n<strong><span style=\"color: #ff0000;\">100 \u20ac Zuschlag<\/span><\/strong><\/td>\n<td valign=\"top\" width=\"151\"><span style=\"color: #ff0000;\"><strong>200 \u20ac<\/strong><\/span><\/td>\n<td valign=\"top\" width=\"151\"><span style=\"color: #ff0000;\"><strong>100 \u20ac<\/strong><\/span><\/td>\n<td valign=\"top\" width=\"151\"><span style=\"color: #ff0000;\"><strong>50 \u20ac<\/strong><\/span><\/td>\n<\/tr>\n<tr>\n<td colspan=\"5\"; style=\"border-top: 1px solid #818181;\" width=\"700\"><strong><center>Sonderaktion<br \/>\n<span style=\"color: #ff0000;\">GEST\u00dcTSPARADE<\/strong><\/span><\/center><br \/>\n<center><strong>Sonderformat:<\/strong> Print 186,5 x 87,5 mm in Ausgabe 2\/2015 und  online 925 x 435px <\/br>vom 15. Juni bis 14. Dezember 2015 als normierte Anzeige f\u00fcr zusammen <span style=\"color: #ff0000;\"><strong>nur 95 \u20ac!<\/strong><\/span> <\/center><br \/>\n<\/tr>\n<\/tbody>\n<\/table>\n<p>Alle unsere Preise verstehen sich incl. 19% MWSt.<\/p>\n<p>Laden Sie <a href=\"http:\/\/www.in-the-focus.com\/wp-content\/uploads\/2012\/12\/Mediadaten-A5-low-res.pdf\" title=\"Mediadaten\"><strong>hier<\/strong><\/a> unsere Mediadaten als PDF herunter!<\/p>\n<p>Sie suchen einen kompetenten, kreativen Layouter?<br \/>\nSchauen Sie mal hier: <a title=\"Design\" href=\"http:\/\/www.in-the-focus.de\/design\/\" target=\"_blank\" rel=\"noopener noreferrer\">IN THE FOCUS Design<\/a>. Spezial-Preise f\u00fcr Anzeigen, die hier ver\u00f6ffentlicht werden!<\/p>\n<p>Sie wollen eine Anzeige schalten? Kontaktieren Sie uns unverbindlich! tel. 07158 \/ 67141, e-mail: <a href=\"mailto:anzeigen@in-the-focus.com\">anzeigen@in-the-focus.com<\/a><\/p>\n<p><a href=\"http:\/\/www.in-the-focus.com\/wp-content\/uploads\/2012\/12\/Anzeigen-Positionen-600px-V2-e1424085035918.jpg\"><img loading=\"lazy\" decoding=\"async\" class=\"aligncenter size-full wp-image-2001\" src=\"http:\/\/www.in-the-focus.com\/wp-content\/uploads\/2012\/12\/Anzeigen-Positionen-600px-V2-e1424085035918.jpg\" alt=\"Anzeigen Positionen 600px-V2\" width=\"600\" height=\"492\" srcset=\"https:\/\/in-the-focus.com\/wp-content\/uploads\/2012\/12\/Anzeigen-Positionen-600px-V2-e1424085035918.jpg 600w, https:\/\/in-the-focus.com\/wp-content\/uploads\/2012\/12\/Anzeigen-Positionen-600px-V2-e1424085035918-300x246.jpg 300w\" sizes=\"auto, (max-width: 600px) 100vw, 600px\" \/><\/a><\/p>\n<p><a href=\"http:\/\/www.in-the-focus.com\/wp-content\/uploads\/2012\/12\/Business-Card-Positionen-600px-V21.jpg\"><img loading=\"lazy\" decoding=\"async\" class=\"aligncenter size-full wp-image-2006\" src=\"http:\/\/www.in-the-focus.com\/wp-content\/uploads\/2012\/12\/Business-Card-Positionen-600px-V21.jpg\" alt=\"Business Card Positionen 600px-V2\" width=\"600\" height=\"490\" srcset=\"https:\/\/in-the-focus.com\/wp-content\/uploads\/2012\/12\/Business-Card-Positionen-600px-V21.jpg 600w, https:\/\/in-the-focus.com\/wp-content\/uploads\/2012\/12\/Business-Card-Positionen-600px-V21-300x245.jpg 300w\" sizes=\"auto, (max-width: 600px) 100vw, 600px\" \/><\/a><\/p>\n","protected":false},"excerpt":{"rendered":"<p>F\u00fcr Sie als Anzeigenkunden&#8230; &#8230; bieten wir durch unsere vielseitige Mischung redaktioneller Beitr\u00e4ge ein attraktives Anzeigen-Umfeld, das genau die K\u00e4uferschicht anspricht, die f\u00fcr Sie interessant ist. Damit vermeiden Sie Streuverluste. F\u00fcr Sie als Anzeigenkunden&#8230; &#8230; bieten wir die M\u00f6glichkeit, Leser mit den unterschiedlichsten Lesegewohnheiten zu erreichen. Insbesondere j\u00fcngere Pferdefreunde bevorzugen das &#8220;Blog-Format&#8221; oder das bl\u00e4tterbare &hellip; <\/p>\n<p><a class=\"more-link btn\" href=\"https:\/\/in-the-focus.com\/en\/advertising\/\">Continue reading<\/a><\/p>\n","protected":false},"author":1,"featured_media":20074,"parent":0,"menu_order":0,"comment_status":"closed","ping_status":"open","template":"","meta":{"amp_status":"","footnotes":""},"class_list":["post-24","page","type-page","status-publish","has-post-thumbnail","hentry","nodate","item-wrap"],"translation":{"provider":"WPGlobus","version":"3.0.2","language":"en","enabled_languages":["de","en"],"languages":{"de":{"title":true,"content":true,"excerpt":false},"en":{"title":false,"content":true,"excerpt":false}}},"_links":{"self":[{"href":"https:\/\/in-the-focus.com\/en\/wp-json\/wp\/v2\/pages\/24","targetHints":{"allow":["GET"]}}],"collection":[{"href":"https:\/\/in-the-focus.com\/en\/wp-json\/wp\/v2\/pages"}],"about":[{"href":"https:\/\/in-the-focus.com\/en\/wp-json\/wp\/v2\/types\/page"}],"author":[{"embeddable":true,"href":"https:\/\/in-the-focus.com\/en\/wp-json\/wp\/v2\/users\/1"}],"replies":[{"embeddable":true,"href":"https:\/\/in-the-focus.com\/en\/wp-json\/wp\/v2\/comments?post=24"}],"version-history":[{"count":58,"href":"https:\/\/in-the-focus.com\/en\/wp-json\/wp\/v2\/pages\/24\/revisions"}],"predecessor-version":[{"id":23234,"href":"https:\/\/in-the-focus.com\/en\/wp-json\/wp\/v2\/pages\/24\/revisions\/23234"}],"wp:featuredmedia":[{"embeddable":true,"href":"https:\/\/in-the-focus.com\/en\/wp-json\/wp\/v2\/media\/20074"}],"wp:attachment":[{"href":"https:\/\/in-the-focus.com\/en\/wp-json\/wp\/v2\/media?parent=24"}],"curies":[{"name":"wp","href":"https:\/\/api.w.org\/{rel}","templated":true}]}}